{"id":445,"date":"2025-09-12T15:36:56","date_gmt":"2025-09-12T13:36:56","guid":{"rendered":"https:\/\/lesbecassescouture.fr\/?post_type=product&#038;p=445"},"modified":"2025-09-12T15:47:14","modified_gmt":"2025-09-12T13:47:14","slug":"haut-ou-robe-dallaitement","status":"publish","type":"product","link":"https:\/\/lesbecassescouture.fr\/index.php\/produit\/haut-ou-robe-dallaitement\/","title":{"rendered":"Haut ou robe d&rsquo;allaitement"},"content":{"rendered":"<p data-start=\"93\" data-end=\"357\">Mes v\u00eatements d\u2019allaitement sont confectionn\u00e9s sur mesure pour s\u2019adapter parfaitement \u00e0 votre morphologie et \u00e0 vos envies. Alliant confort, praticit\u00e9 et \u00e9l\u00e9gance, ils sont pens\u00e9s pour vous accompagner dans cette belle aventure qu\u2019est l&rsquo;allaitement.<\/p>\n<p data-start=\"359\" data-end=\"624\">Gr\u00e2ce \u00e0 leur ouverture discr\u00e8te, vous pourrez allaiter b\u00e9b\u00e9 facilement, o\u00f9 que vous soyez, tout en restant \u00e0 l\u2019aise et styl\u00e9e. Fabriqu\u00e9s dans des mati\u00e8res douces et de qualit\u00e9, ils sont con\u00e7us pour durer et devenir une v\u00e9ritable pi\u00e8ce coup de c\u0153ur de votre garde-robe.<\/p>\n<p data-start=\"359\" data-end=\"624\">Un v\u00eatement unique, cr\u00e9\u00e9 sp\u00e9cialement pour vous et votre quotidien de maman.<\/p>\n<p data-start=\"626\" data-end=\"706\">Cette page est en cours de r\u00e9alisation, n&rsquo;h\u00e9sitez pas \u00e0 me contacter pour plus de renseignements : lesbecassescouture@gmail.com<\/p>\n<p data-start=\"626\" data-end=\"706\">(Le prix donn\u00e9 est indicatif, le tarif final est calcul\u00e9 en fonction du choix des options et du tissu)<\/p>\n","protected":false},"excerpt":{"rendered":"<p>Mes v\u00eatements d\u2019allaitement sont confectionn\u00e9s sur mesure pour s\u2019adapter parfaitement \u00e0 votre morphologie et \u00e0 vos envies. Alliant confort, praticit\u00e9 et \u00e9l\u00e9gance, ils sont pens\u00e9s pour vous accompagner dans cette belle aventure qu\u2019est l&rsquo;allaitement. Gr\u00e2ce \u00e0 leur ouverture discr\u00e8te, vous pourrez allaiter b\u00e9b\u00e9 facilement, o\u00f9 que vous soyez, tout en restant \u00e0 l\u2019aise et styl\u00e9e. [&hellip;]<\/p>\n","protected":false},"featured_media":448,"comment_status":"open","ping_status":"closed","template":"","meta":{"ocean_post_layout":"","ocean_both_sidebars_style":"","ocean_both_sidebars_content_width":0,"ocean_both_sidebars_sidebars_width":0,"ocean_sidebar":"0","ocean_second_sidebar":"0","ocean_disable_margins":"enable","ocean_add_body_class":"","ocean_shortcode_before_top_bar":"","ocean_shortcode_after_top_bar":"","ocean_shortcode_before_header":"","ocean_shortcode_after_header":"","ocean_has_shortcode":"","ocean_shortcode_after_title":"","ocean_shortcode_before_footer_widgets":"","ocean_shortcode_after_footer_widgets":"","ocean_shortcode_before_footer_bottom":"","ocean_shortcode_after_footer_bottom":"","ocean_display_top_bar":"default","ocean_display_header":"default","ocean_header_style":"","ocean_center_header_left_menu":"0","ocean_custom_header_template":"0","ocean_custom_logo":0,"ocean_custom_retina_logo":0,"ocean_custom_logo_max_width":0,"ocean_custom_logo_tablet_max_width":0,"ocean_custom_logo_mobile_max_width":0,"ocean_custom_logo_max_height":0,"ocean_custom_logo_tablet_max_height":0,"ocean_custom_logo_mobile_max_height":0,"ocean_header_custom_menu":"0","ocean_menu_typo_font_family":"0","ocean_menu_typo_font_subset":"","ocean_menu_typo_font_size":0,"ocean_menu_typo_font_size_tablet":0,"ocean_menu_typo_font_size_mobile":0,"ocean_menu_typo_font_size_unit":"px","ocean_menu_typo_font_weight":"","ocean_menu_typo_font_weight_tablet":"","ocean_menu_typo_font_weight_mobile":"","ocean_menu_typo_transform":"","ocean_menu_typo_transform_tablet":"","ocean_menu_typo_transform_mobile":"","ocean_menu_typo_line_height":0,"ocean_menu_typo_line_height_tablet":0,"ocean_menu_typo_line_height_mobile":0,"ocean_menu_typo_line_height_unit":"","ocean_menu_typo_spacing":0,"ocean_menu_typo_spacing_tablet":0,"ocean_menu_typo_spacing_mobile":0,"ocean_menu_typo_spacing_unit":"","ocean_menu_link_color":"","ocean_menu_link_color_hover":"","ocean_menu_link_color_active":"","ocean_menu_link_background":"","ocean_menu_link_hover_background":"","ocean_menu_link_active_background":"","ocean_menu_social_links_bg":"","ocean_menu_social_hover_links_bg":"","ocean_menu_social_links_color":"","ocean_menu_social_hover_links_color":"","ocean_disable_title":"default","ocean_disable_heading":"default","ocean_post_title":"","ocean_post_subheading":"","ocean_post_title_style":"","ocean_post_title_background_color":"","ocean_post_title_background":0,"ocean_post_title_bg_image_position":"","ocean_post_title_bg_image_attachment":"","ocean_post_title_bg_image_repeat":"","ocean_post_title_bg_image_size":"","ocean_post_title_height":0,"ocean_post_title_bg_overlay":0.5,"ocean_post_title_bg_overlay_color":"","ocean_disable_breadcrumbs":"default","ocean_breadcrumbs_color":"","ocean_breadcrumbs_separator_color":"","ocean_breadcrumbs_links_color":"","ocean_breadcrumbs_links_hover_color":"","ocean_display_footer_widgets":"default","ocean_display_footer_bottom":"default","ocean_custom_footer_template":"0"},"product_brand":[],"product_cat":[35],"product_tag":[],"class_list":{"0":"post-445","1":"product","2":"type-product","3":"status-publish","4":"has-post-thumbnail","6":"product_cat-vetements-femme","8":"entry","9":"has-media","11":"first","12":"instock","13":"shipping-taxable","14":"purchasable","15":"product-type-variable","16":"has-product-nav","17":"col","18":"span_1_of_3","19":"owp-content-left","20":"owp-thumbs-layout-horizontal","21":"owp-btn-normal","22":"owp-tabs-layout-horizontal"},"yoast_head":"<!-- This site is optimized with the Yoast SEO plugin v27.5 - https:\/\/yoast.com\/product\/yoast-seo-wordpress\/ -->\n<title>Haut ou robe d&#039;allaitement - Les B\u00e9casses<\/title>\n<meta name=\"robots\" content=\"index, follow, max-snippet:-1, max-image-preview:large, max-video-preview:-1\" \/>\n<link rel=\"canonical\" href=\"https:\/\/lesbecassescouture.fr\/index.php\/produit\/haut-ou-robe-dallaitement\/\" \/>\n<meta property=\"og:locale\" content=\"fr_FR\" \/>\n<meta property=\"og:type\" content=\"article\" \/>\n<meta property=\"og:title\" content=\"Haut ou robe d&#039;allaitement - Les B\u00e9casses\" \/>\n<meta property=\"og:description\" content=\"Mes v\u00eatements d\u2019allaitement sont confectionn\u00e9s sur mesure pour s\u2019adapter parfaitement \u00e0 votre morphologie et \u00e0 vos envies. Alliant confort, praticit\u00e9 et \u00e9l\u00e9gance, ils sont pens\u00e9s pour vous accompagner dans cette belle aventure qu\u2019est l&rsquo;allaitement. Gr\u00e2ce \u00e0 leur ouverture discr\u00e8te, vous pourrez allaiter b\u00e9b\u00e9 facilement, o\u00f9 que vous soyez, tout en restant \u00e0 l\u2019aise et styl\u00e9e. [&hellip;]\" \/>\n<meta property=\"og:url\" content=\"https:\/\/lesbecassescouture.fr\/index.php\/produit\/haut-ou-robe-dallaitement\/\" \/>\n<meta property=\"og:site_name\" content=\"Les B\u00e9casses\" \/>\n<meta property=\"article:publisher\" content=\"https:\/\/www.facebook.com\/lesbecassescouture\" \/>\n<meta property=\"article:modified_time\" content=\"2025-09-12T13:47:14+00:00\" \/>\n<meta property=\"og:image\" content=\"https:\/\/lesbecassescouture.fr\/wp-content\/uploads\/2025\/09\/472711074_18313989277200249_3696220667762874453_n.jpg\" \/>\n\t<meta property=\"og:image:width\" content=\"1440\" \/>\n\t<meta property=\"og:image:height\" content=\"1800\" \/>\n\t<meta property=\"og:image:type\" content=\"image\/jpeg\" \/>\n<meta name=\"twitter:card\" content=\"summary_large_image\" \/>\n<meta name=\"twitter:label1\" content=\"Dur\u00e9e de lecture estim\u00e9e\" \/>\n\t<meta name=\"twitter:data1\" content=\"1 minute\" \/>\n<script type=\"application\/ld+json\" class=\"yoast-schema-graph\">{\"@context\":\"https:\\\/\\\/schema.org\",\"@graph\":[{\"@type\":\"WebPage\",\"@id\":\"https:\\\/\\\/lesbecassescouture.fr\\\/index.php\\\/produit\\\/haut-ou-robe-dallaitement\\\/\",\"url\":\"https:\\\/\\\/lesbecassescouture.fr\\\/index.php\\\/produit\\\/haut-ou-robe-dallaitement\\\/\",\"name\":\"Haut ou robe d'allaitement - Les B\u00e9casses\",\"isPartOf\":{\"@id\":\"https:\\\/\\\/lesbecassescouture.fr\\\/#website\"},\"primaryImageOfPage\":{\"@id\":\"https:\\\/\\\/lesbecassescouture.fr\\\/index.php\\\/produit\\\/haut-ou-robe-dallaitement\\\/#primaryimage\"},\"image\":{\"@id\":\"https:\\\/\\\/lesbecassescouture.fr\\\/index.php\\\/produit\\\/haut-ou-robe-dallaitement\\\/#primaryimage\"},\"thumbnailUrl\":\"https:\\\/\\\/lesbecassescouture.fr\\\/wp-content\\\/uploads\\\/2025\\\/09\\\/472711074_18313989277200249_3696220667762874453_n.jpg\",\"datePublished\":\"2025-09-12T13:36:56+00:00\",\"dateModified\":\"2025-09-12T13:47:14+00:00\",\"breadcrumb\":{\"@id\":\"https:\\\/\\\/lesbecassescouture.fr\\\/index.php\\\/produit\\\/haut-ou-robe-dallaitement\\\/#breadcrumb\"},\"inLanguage\":\"fr-FR\",\"potentialAction\":[{\"@type\":\"ReadAction\",\"target\":[\"https:\\\/\\\/lesbecassescouture.fr\\\/index.php\\\/produit\\\/haut-ou-robe-dallaitement\\\/\"]}]},{\"@type\":\"ImageObject\",\"inLanguage\":\"fr-FR\",\"@id\":\"https:\\\/\\\/lesbecassescouture.fr\\\/index.php\\\/produit\\\/haut-ou-robe-dallaitement\\\/#primaryimage\",\"url\":\"https:\\\/\\\/lesbecassescouture.fr\\\/wp-content\\\/uploads\\\/2025\\\/09\\\/472711074_18313989277200249_3696220667762874453_n.jpg\",\"contentUrl\":\"https:\\\/\\\/lesbecassescouture.fr\\\/wp-content\\\/uploads\\\/2025\\\/09\\\/472711074_18313989277200249_3696220667762874453_n.jpg\",\"width\":1440,\"height\":1800},{\"@type\":\"BreadcrumbList\",\"@id\":\"https:\\\/\\\/lesbecassescouture.fr\\\/index.php\\\/produit\\\/haut-ou-robe-dallaitement\\\/#breadcrumb\",\"itemListElement\":[{\"@type\":\"ListItem\",\"position\":1,\"name\":\"Accueil\",\"item\":\"https:\\\/\\\/lesbecassescouture.fr\\\/\"},{\"@type\":\"ListItem\",\"position\":2,\"name\":\"Boutique\",\"item\":\"https:\\\/\\\/lesbecassescouture.fr\\\/index.php\\\/boutique\\\/\"},{\"@type\":\"ListItem\",\"position\":3,\"name\":\"Haut ou robe d&rsquo;allaitement\"}]},{\"@type\":\"WebSite\",\"@id\":\"https:\\\/\\\/lesbecassescouture.fr\\\/#website\",\"url\":\"https:\\\/\\\/lesbecassescouture.fr\\\/\",\"name\":\"Les B\u00e9casses\",\"description\":\"\",\"publisher\":{\"@id\":\"https:\\\/\\\/lesbecassescouture.fr\\\/#organization\"},\"potentialAction\":[{\"@type\":\"SearchAction\",\"target\":{\"@type\":\"EntryPoint\",\"urlTemplate\":\"https:\\\/\\\/lesbecassescouture.fr\\\/?s={search_term_string}\"},\"query-input\":{\"@type\":\"PropertyValueSpecification\",\"valueRequired\":true,\"valueName\":\"search_term_string\"}}],\"inLanguage\":\"fr-FR\"},{\"@type\":\"Organization\",\"@id\":\"https:\\\/\\\/lesbecassescouture.fr\\\/#organization\",\"name\":\"Les B\u00e9casses\",\"url\":\"https:\\\/\\\/lesbecassescouture.fr\\\/\",\"logo\":{\"@type\":\"ImageObject\",\"inLanguage\":\"fr-FR\",\"@id\":\"https:\\\/\\\/lesbecassescouture.fr\\\/#\\\/schema\\\/logo\\\/image\\\/\",\"url\":\"https:\\\/\\\/lesbecassescouture.fr\\\/wp-content\\\/uploads\\\/2025\\\/03\\\/cropped-banniere_etsy2.jpg\",\"contentUrl\":\"https:\\\/\\\/lesbecassescouture.fr\\\/wp-content\\\/uploads\\\/2025\\\/03\\\/cropped-banniere_etsy2.jpg\",\"width\":2286,\"height\":630,\"caption\":\"Les B\u00e9casses\"},\"image\":{\"@id\":\"https:\\\/\\\/lesbecassescouture.fr\\\/#\\\/schema\\\/logo\\\/image\\\/\"},\"sameAs\":[\"https:\\\/\\\/www.facebook.com\\\/lesbecassescouture\",\"https:\\\/\\\/www.instagram.com\\\/lesbecassescouture\\\/\"]}]}<\/script>\n<!-- \/ Yoast SEO plugin. -->","yoast_head_json":{"title":"Haut ou robe d'allaitement - Les B\u00e9casses","robots":{"index":"index","follow":"follow","max-snippet":"max-snippet:-1","max-image-preview":"max-image-preview:large","max-video-preview":"max-video-preview:-1"},"canonical":"https:\/\/lesbecassescouture.fr\/index.php\/produit\/haut-ou-robe-dallaitement\/","og_locale":"fr_FR","og_type":"article","og_title":"Haut ou robe d'allaitement - Les B\u00e9casses","og_description":"Mes v\u00eatements d\u2019allaitement sont confectionn\u00e9s sur mesure pour s\u2019adapter parfaitement \u00e0 votre morphologie et \u00e0 vos envies. Alliant confort, praticit\u00e9 et \u00e9l\u00e9gance, ils sont pens\u00e9s pour vous accompagner dans cette belle aventure qu\u2019est l&rsquo;allaitement. Gr\u00e2ce \u00e0 leur ouverture discr\u00e8te, vous pourrez allaiter b\u00e9b\u00e9 facilement, o\u00f9 que vous soyez, tout en restant \u00e0 l\u2019aise et styl\u00e9e. [&hellip;]","og_url":"https:\/\/lesbecassescouture.fr\/index.php\/produit\/haut-ou-robe-dallaitement\/","og_site_name":"Les B\u00e9casses","article_publisher":"https:\/\/www.facebook.com\/lesbecassescouture","article_modified_time":"2025-09-12T13:47:14+00:00","og_image":[{"width":1440,"height":1800,"url":"https:\/\/lesbecassescouture.fr\/wp-content\/uploads\/2025\/09\/472711074_18313989277200249_3696220667762874453_n.jpg","type":"image\/jpeg"}],"twitter_card":"summary_large_image","twitter_misc":{"Dur\u00e9e de lecture estim\u00e9e":"1 minute"},"schema":{"@context":"https:\/\/schema.org","@graph":[{"@type":"WebPage","@id":"https:\/\/lesbecassescouture.fr\/index.php\/produit\/haut-ou-robe-dallaitement\/","url":"https:\/\/lesbecassescouture.fr\/index.php\/produit\/haut-ou-robe-dallaitement\/","name":"Haut ou robe d'allaitement - Les B\u00e9casses","isPartOf":{"@id":"https:\/\/lesbecassescouture.fr\/#website"},"primaryImageOfPage":{"@id":"https:\/\/lesbecassescouture.fr\/index.php\/produit\/haut-ou-robe-dallaitement\/#primaryimage"},"image":{"@id":"https:\/\/lesbecassescouture.fr\/index.php\/produit\/haut-ou-robe-dallaitement\/#primaryimage"},"thumbnailUrl":"https:\/\/lesbecassescouture.fr\/wp-content\/uploads\/2025\/09\/472711074_18313989277200249_3696220667762874453_n.jpg","datePublished":"2025-09-12T13:36:56+00:00","dateModified":"2025-09-12T13:47:14+00:00","breadcrumb":{"@id":"https:\/\/lesbecassescouture.fr\/index.php\/produit\/haut-ou-robe-dallaitement\/#breadcrumb"},"inLanguage":"fr-FR","potentialAction":[{"@type":"ReadAction","target":["https:\/\/lesbecassescouture.fr\/index.php\/produit\/haut-ou-robe-dallaitement\/"]}]},{"@type":"ImageObject","inLanguage":"fr-FR","@id":"https:\/\/lesbecassescouture.fr\/index.php\/produit\/haut-ou-robe-dallaitement\/#primaryimage","url":"https:\/\/lesbecassescouture.fr\/wp-content\/uploads\/2025\/09\/472711074_18313989277200249_3696220667762874453_n.jpg","contentUrl":"https:\/\/lesbecassescouture.fr\/wp-content\/uploads\/2025\/09\/472711074_18313989277200249_3696220667762874453_n.jpg","width":1440,"height":1800},{"@type":"BreadcrumbList","@id":"https:\/\/lesbecassescouture.fr\/index.php\/produit\/haut-ou-robe-dallaitement\/#breadcrumb","itemListElement":[{"@type":"ListItem","position":1,"name":"Accueil","item":"https:\/\/lesbecassescouture.fr\/"},{"@type":"ListItem","position":2,"name":"Boutique","item":"https:\/\/lesbecassescouture.fr\/index.php\/boutique\/"},{"@type":"ListItem","position":3,"name":"Haut ou robe d&rsquo;allaitement"}]},{"@type":"WebSite","@id":"https:\/\/lesbecassescouture.fr\/#website","url":"https:\/\/lesbecassescouture.fr\/","name":"Les B\u00e9casses","description":"","publisher":{"@id":"https:\/\/lesbecassescouture.fr\/#organization"},"potentialAction":[{"@type":"SearchAction","target":{"@type":"EntryPoint","urlTemplate":"https:\/\/lesbecassescouture.fr\/?s={search_term_string}"},"query-input":{"@type":"PropertyValueSpecification","valueRequired":true,"valueName":"search_term_string"}}],"inLanguage":"fr-FR"},{"@type":"Organization","@id":"https:\/\/lesbecassescouture.fr\/#organization","name":"Les B\u00e9casses","url":"https:\/\/lesbecassescouture.fr\/","logo":{"@type":"ImageObject","inLanguage":"fr-FR","@id":"https:\/\/lesbecassescouture.fr\/#\/schema\/logo\/image\/","url":"https:\/\/lesbecassescouture.fr\/wp-content\/uploads\/2025\/03\/cropped-banniere_etsy2.jpg","contentUrl":"https:\/\/lesbecassescouture.fr\/wp-content\/uploads\/2025\/03\/cropped-banniere_etsy2.jpg","width":2286,"height":630,"caption":"Les B\u00e9casses"},"image":{"@id":"https:\/\/lesbecassescouture.fr\/#\/schema\/logo\/image\/"},"sameAs":["https:\/\/www.facebook.com\/lesbecassescouture","https:\/\/www.instagram.com\/lesbecassescouture\/"]}]}},"_links":{"self":[{"href":"https:\/\/lesbecassescouture.fr\/index.php\/wp-json\/wp\/v2\/product\/445","targetHints":{"allow":["GET"]}}],"collection":[{"href":"https:\/\/lesbecassescouture.fr\/index.php\/wp-json\/wp\/v2\/product"}],"about":[{"href":"https:\/\/lesbecassescouture.fr\/index.php\/wp-json\/wp\/v2\/types\/product"}],"replies":[{"embeddable":true,"href":"https:\/\/lesbecassescouture.fr\/index.php\/wp-json\/wp\/v2\/comments?post=445"}],"wp:featuredmedia":[{"embeddable":true,"href":"https:\/\/lesbecassescouture.fr\/index.php\/wp-json\/wp\/v2\/media\/448"}],"wp:attachment":[{"href":"https:\/\/lesbecassescouture.fr\/index.php\/wp-json\/wp\/v2\/media?parent=445"}],"wp:term":[{"taxonomy":"product_brand","embeddable":true,"href":"https:\/\/lesbecassescouture.fr\/index.php\/wp-json\/wp\/v2\/product_brand?post=445"},{"taxonomy":"product_cat","embeddable":true,"href":"https:\/\/lesbecassescouture.fr\/index.php\/wp-json\/wp\/v2\/product_cat?post=445"},{"taxonomy":"product_tag","embeddable":true,"href":"https:\/\/lesbecassescouture.fr\/index.php\/wp-json\/wp\/v2\/product_tag?post=445"}],"curies":[{"name":"wp","href":"https:\/\/api.w.org\/{rel}","templated":true}]}}