{"id":211,"date":"2025-05-16T16:11:27","date_gmt":"2025-05-16T14:11:27","guid":{"rendered":"https:\/\/lesbecassescouture.fr\/?post_type=product&#038;p=211"},"modified":"2025-05-16T16:24:57","modified_gmt":"2025-05-16T14:24:57","slug":"bloomer-velours-aubergine","status":"publish","type":"product","link":"https:\/\/lesbecassescouture.fr\/index.php\/produit\/bloomer-velours-aubergine\/","title":{"rendered":"Bloomer velours aubergine"},"content":{"rendered":"<p class=\"\" data-start=\"509\" data-end=\"560\"><strong data-start=\"509\" data-end=\"560\">Bloomer b\u00e9b\u00e9 \u2013 Le petit bas chic et confortable<\/strong><\/p>\n<p class=\"\" data-start=\"562\" data-end=\"759\">Craquant et pratique, ce bloomer est parfait pour habiller b\u00e9b\u00e9 avec style et confort. Sa taille et ses cuisses \u00e9lastiqu\u00e9es offrent une grande libert\u00e9 de mouvement, tout en restant bien en place.<\/p>\n<p class=\"\" data-start=\"761\" data-end=\"946\">Il se porte en toute saison : jambes nues l\u2019\u00e9t\u00e9 ou avec des collants l\u2019hiver, sur une couche ou une couche lavable. Fait main dans un tissu doux, il est aussi joli qu\u2019agr\u00e9able \u00e0 porter.<\/p>\n<ul>\n<li data-start=\"948\" data-end=\"1195\">\u00a0Taille \u00e9lastiqu\u00e9e pour un enfilage facile<\/li>\n<li data-start=\"948\" data-end=\"1195\">\u00a0Confortable et ample, m\u00eame avec une couche<\/li>\n<li data-start=\"948\" data-end=\"1195\">\u00a0Tissu doux, l\u00e9ger et agr\u00e9able : velours milleraie aubergine<\/li>\n<li data-start=\"948\" data-end=\"1195\">\u00a0Fait main avec soin<\/li>\n<li data-start=\"948\" data-end=\"1195\">\u00a0Id\u00e9al d\u00e8s la naissance jusqu\u2019\u00e0 2 ans (selon les tailles)<\/li>\n<\/ul>\n<p class=\"\" data-start=\"1197\" data-end=\"1278\">Un basique incontournable pour des looks craquants et confortables au quotidien !<\/p>\n<p data-start=\"1197\" data-end=\"1278\">Sweat vendu s\u00e9par\u00e9ment<\/p>\n","protected":false},"excerpt":{"rendered":"<p class=\"\" data-start=\"167\" data-end=\"216\"><strong data-start=\"167\" data-end=\"216\">Bloomer b\u00e9b\u00e9 \u2013 L\u00e9ger, confortable et adorable<\/strong><\/p>\n<p class=\"\" data-start=\"218\" data-end=\"369\">Ce petit bloomer est un essentiel du dressing de b\u00e9b\u00e9 !<br data-start=\"273\" data-end=\"276\" \/>Confortable et facile \u00e0 enfiler, il se porte aussi bien seul qu\u2019avec des collants ou un body.<\/p>\n<p class=\"\" data-start=\"371\" data-end=\"447\">\ud83e\uddf5 Fait main \u2013 Taille \u00e9lastiqu\u00e9e \u2013 Tissu doux et l\u00e9ger \u2013 Id\u00e9al toute l\u2019ann\u00e9e<\/p>\n","protected":false},"featured_media":216,"comment_status":"open","ping_status":"closed","template":"","meta":{"ocean_post_layout":"","ocean_both_sidebars_style":"","ocean_both_sidebars_content_width":0,"ocean_both_sidebars_sidebars_width":0,"ocean_sidebar":"0","ocean_second_sidebar":"0","ocean_disable_margins":"enable","ocean_add_body_class":"","ocean_shortcode_before_top_bar":"","ocean_shortcode_after_top_bar":"","ocean_shortcode_before_header":"","ocean_shortcode_after_header":"","ocean_has_shortcode":"","ocean_shortcode_after_title":"","ocean_shortcode_before_footer_widgets":"","ocean_shortcode_after_footer_widgets":"","ocean_shortcode_before_footer_bottom":"","ocean_shortcode_after_footer_bottom":"","ocean_display_top_bar":"default","ocean_display_header":"default","ocean_header_style":"","ocean_center_header_left_menu":"0","ocean_custom_header_template":"0","ocean_custom_logo":0,"ocean_custom_retina_logo":0,"ocean_custom_logo_max_width":0,"ocean_custom_logo_tablet_max_width":0,"ocean_custom_logo_mobile_max_width":0,"ocean_custom_logo_max_height":0,"ocean_custom_logo_tablet_max_height":0,"ocean_custom_logo_mobile_max_height":0,"ocean_header_custom_menu":"0","ocean_menu_typo_font_family":"0","ocean_menu_typo_font_subset":"","ocean_menu_typo_font_size":0,"ocean_menu_typo_font_size_tablet":0,"ocean_menu_typo_font_size_mobile":0,"ocean_menu_typo_font_size_unit":"px","ocean_menu_typo_font_weight":"","ocean_menu_typo_font_weight_tablet":"","ocean_menu_typo_font_weight_mobile":"","ocean_menu_typo_transform":"","ocean_menu_typo_transform_tablet":"","ocean_menu_typo_transform_mobile":"","ocean_menu_typo_line_height":0,"ocean_menu_typo_line_height_tablet":0,"ocean_menu_typo_line_height_mobile":0,"ocean_menu_typo_line_height_unit":"","ocean_menu_typo_spacing":0,"ocean_menu_typo_spacing_tablet":0,"ocean_menu_typo_spacing_mobile":0,"ocean_menu_typo_spacing_unit":"","ocean_menu_link_color":"","ocean_menu_link_color_hover":"","ocean_menu_link_color_active":"","ocean_menu_link_background":"","ocean_menu_link_hover_background":"","ocean_menu_link_active_background":"","ocean_menu_social_links_bg":"","ocean_menu_social_hover_links_bg":"","ocean_menu_social_links_color":"","ocean_menu_social_hover_links_color":"","ocean_disable_title":"default","ocean_disable_heading":"default","ocean_post_title":"","ocean_post_subheading":"","ocean_post_title_style":"","ocean_post_title_background_color":"","ocean_post_title_background":0,"ocean_post_title_bg_image_position":"","ocean_post_title_bg_image_attachment":"","ocean_post_title_bg_image_repeat":"","ocean_post_title_bg_image_size":"","ocean_post_title_height":0,"ocean_post_title_bg_overlay":0.5,"ocean_post_title_bg_overlay_color":"","ocean_disable_breadcrumbs":"default","ocean_breadcrumbs_color":"","ocean_breadcrumbs_separator_color":"","ocean_breadcrumbs_links_color":"","ocean_breadcrumbs_links_hover_color":"","ocean_display_footer_widgets":"default","ocean_display_footer_bottom":"default","ocean_custom_footer_template":"0"},"product_brand":[],"product_cat":[34,38],"product_tag":[],"class_list":{"0":"post-211","1":"product","2":"type-product","3":"status-publish","4":"has-post-thumbnail","6":"product_cat-enfant","7":"product_cat-vetements-enfant","9":"entry","10":"has-media","12":"first","13":"instock","14":"shipping-taxable","15":"purchasable","16":"product-type-variable","17":"has-product-nav","18":"col","19":"span_1_of_3","20":"owp-content-left","21":"owp-thumbs-layout-horizontal","22":"owp-btn-normal","23":"owp-tabs-layout-horizontal"},"yoast_head":"<!-- This site is optimized with the Yoast SEO plugin v27.4 - https:\/\/yoast.com\/product\/yoast-seo-wordpress\/ -->\n<title>Bloomer velours aubergine - Les B\u00e9casses<\/title>\n<meta name=\"robots\" content=\"index, follow, max-snippet:-1, max-image-preview:large, max-video-preview:-1\" \/>\n<link rel=\"canonical\" href=\"https:\/\/lesbecassescouture.fr\/index.php\/produit\/bloomer-velours-aubergine\/\" \/>\n<meta property=\"og:locale\" content=\"fr_FR\" \/>\n<meta property=\"og:type\" content=\"article\" \/>\n<meta property=\"og:title\" content=\"Bloomer velours aubergine - Les B\u00e9casses\" \/>\n<meta property=\"og:description\" content=\"Bloomer b\u00e9b\u00e9 \u2013 L\u00e9ger, confortable et adorable Ce petit bloomer est un essentiel du dressing de b\u00e9b\u00e9 !Confortable et facile \u00e0 enfiler, il se porte aussi bien seul qu\u2019avec des collants ou un body. \ud83e\uddf5 Fait main \u2013 Taille \u00e9lastiqu\u00e9e \u2013 Tissu doux et l\u00e9ger \u2013 Id\u00e9al toute l\u2019ann\u00e9e\" \/>\n<meta property=\"og:url\" content=\"https:\/\/lesbecassescouture.fr\/index.php\/produit\/bloomer-velours-aubergine\/\" \/>\n<meta property=\"og:site_name\" content=\"Les B\u00e9casses\" \/>\n<meta property=\"article:publisher\" content=\"https:\/\/www.facebook.com\/lesbecassescouture\" \/>\n<meta property=\"article:modified_time\" content=\"2025-05-16T14:24:57+00:00\" \/>\n<meta property=\"og:image\" content=\"https:\/\/lesbecassescouture.fr\/wp-content\/uploads\/2025\/05\/bloomer_aubergine_12-mois-scaled.jpg\" \/>\n\t<meta property=\"og:image:width\" content=\"2560\" \/>\n\t<meta property=\"og:image:height\" content=\"2044\" \/>\n\t<meta property=\"og:image:type\" content=\"image\/jpeg\" \/>\n<meta name=\"twitter:card\" content=\"summary_large_image\" \/>\n<meta name=\"twitter:label1\" content=\"Dur\u00e9e de lecture estim\u00e9e\" \/>\n\t<meta name=\"twitter:data1\" content=\"1 minute\" \/>\n<script type=\"application\/ld+json\" class=\"yoast-schema-graph\">{\"@context\":\"https:\\\/\\\/schema.org\",\"@graph\":[{\"@type\":\"WebPage\",\"@id\":\"https:\\\/\\\/lesbecassescouture.fr\\\/index.php\\\/produit\\\/bloomer-velours-aubergine\\\/\",\"url\":\"https:\\\/\\\/lesbecassescouture.fr\\\/index.php\\\/produit\\\/bloomer-velours-aubergine\\\/\",\"name\":\"Bloomer velours aubergine - Les B\u00e9casses\",\"isPartOf\":{\"@id\":\"https:\\\/\\\/lesbecassescouture.fr\\\/#website\"},\"primaryImageOfPage\":{\"@id\":\"https:\\\/\\\/lesbecassescouture.fr\\\/index.php\\\/produit\\\/bloomer-velours-aubergine\\\/#primaryimage\"},\"image\":{\"@id\":\"https:\\\/\\\/lesbecassescouture.fr\\\/index.php\\\/produit\\\/bloomer-velours-aubergine\\\/#primaryimage\"},\"thumbnailUrl\":\"https:\\\/\\\/lesbecassescouture.fr\\\/wp-content\\\/uploads\\\/2025\\\/05\\\/bloomer_aubergine_12-mois-scaled.jpg\",\"datePublished\":\"2025-05-16T14:11:27+00:00\",\"dateModified\":\"2025-05-16T14:24:57+00:00\",\"breadcrumb\":{\"@id\":\"https:\\\/\\\/lesbecassescouture.fr\\\/index.php\\\/produit\\\/bloomer-velours-aubergine\\\/#breadcrumb\"},\"inLanguage\":\"fr-FR\",\"potentialAction\":[{\"@type\":\"ReadAction\",\"target\":[\"https:\\\/\\\/lesbecassescouture.fr\\\/index.php\\\/produit\\\/bloomer-velours-aubergine\\\/\"]}]},{\"@type\":\"ImageObject\",\"inLanguage\":\"fr-FR\",\"@id\":\"https:\\\/\\\/lesbecassescouture.fr\\\/index.php\\\/produit\\\/bloomer-velours-aubergine\\\/#primaryimage\",\"url\":\"https:\\\/\\\/lesbecassescouture.fr\\\/wp-content\\\/uploads\\\/2025\\\/05\\\/bloomer_aubergine_12-mois-scaled.jpg\",\"contentUrl\":\"https:\\\/\\\/lesbecassescouture.fr\\\/wp-content\\\/uploads\\\/2025\\\/05\\\/bloomer_aubergine_12-mois-scaled.jpg\",\"width\":2560,\"height\":2044},{\"@type\":\"BreadcrumbList\",\"@id\":\"https:\\\/\\\/lesbecassescouture.fr\\\/index.php\\\/produit\\\/bloomer-velours-aubergine\\\/#breadcrumb\",\"itemListElement\":[{\"@type\":\"ListItem\",\"position\":1,\"name\":\"Accueil\",\"item\":\"https:\\\/\\\/lesbecassescouture.fr\\\/\"},{\"@type\":\"ListItem\",\"position\":2,\"name\":\"Boutique\",\"item\":\"https:\\\/\\\/lesbecassescouture.fr\\\/index.php\\\/boutique\\\/\"},{\"@type\":\"ListItem\",\"position\":3,\"name\":\"Bloomer velours aubergine\"}]},{\"@type\":\"WebSite\",\"@id\":\"https:\\\/\\\/lesbecassescouture.fr\\\/#website\",\"url\":\"https:\\\/\\\/lesbecassescouture.fr\\\/\",\"name\":\"Les B\u00e9casses\",\"description\":\"\",\"publisher\":{\"@id\":\"https:\\\/\\\/lesbecassescouture.fr\\\/#organization\"},\"potentialAction\":[{\"@type\":\"SearchAction\",\"target\":{\"@type\":\"EntryPoint\",\"urlTemplate\":\"https:\\\/\\\/lesbecassescouture.fr\\\/?s={search_term_string}\"},\"query-input\":{\"@type\":\"PropertyValueSpecification\",\"valueRequired\":true,\"valueName\":\"search_term_string\"}}],\"inLanguage\":\"fr-FR\"},{\"@type\":\"Organization\",\"@id\":\"https:\\\/\\\/lesbecassescouture.fr\\\/#organization\",\"name\":\"Les B\u00e9casses\",\"url\":\"https:\\\/\\\/lesbecassescouture.fr\\\/\",\"logo\":{\"@type\":\"ImageObject\",\"inLanguage\":\"fr-FR\",\"@id\":\"https:\\\/\\\/lesbecassescouture.fr\\\/#\\\/schema\\\/logo\\\/image\\\/\",\"url\":\"https:\\\/\\\/lesbecassescouture.fr\\\/wp-content\\\/uploads\\\/2025\\\/03\\\/cropped-banniere_etsy2.jpg\",\"contentUrl\":\"https:\\\/\\\/lesbecassescouture.fr\\\/wp-content\\\/uploads\\\/2025\\\/03\\\/cropped-banniere_etsy2.jpg\",\"width\":2286,\"height\":630,\"caption\":\"Les B\u00e9casses\"},\"image\":{\"@id\":\"https:\\\/\\\/lesbecassescouture.fr\\\/#\\\/schema\\\/logo\\\/image\\\/\"},\"sameAs\":[\"https:\\\/\\\/www.facebook.com\\\/lesbecassescouture\",\"https:\\\/\\\/www.instagram.com\\\/lesbecassescouture\\\/\"]}]}<\/script>\n<!-- \/ Yoast SEO plugin. -->","yoast_head_json":{"title":"Bloomer velours aubergine - Les B\u00e9casses","robots":{"index":"index","follow":"follow","max-snippet":"max-snippet:-1","max-image-preview":"max-image-preview:large","max-video-preview":"max-video-preview:-1"},"canonical":"https:\/\/lesbecassescouture.fr\/index.php\/produit\/bloomer-velours-aubergine\/","og_locale":"fr_FR","og_type":"article","og_title":"Bloomer velours aubergine - Les B\u00e9casses","og_description":"Bloomer b\u00e9b\u00e9 \u2013 L\u00e9ger, confortable et adorable Ce petit bloomer est un essentiel du dressing de b\u00e9b\u00e9 !Confortable et facile \u00e0 enfiler, il se porte aussi bien seul qu\u2019avec des collants ou un body. \ud83e\uddf5 Fait main \u2013 Taille \u00e9lastiqu\u00e9e \u2013 Tissu doux et l\u00e9ger \u2013 Id\u00e9al toute l\u2019ann\u00e9e","og_url":"https:\/\/lesbecassescouture.fr\/index.php\/produit\/bloomer-velours-aubergine\/","og_site_name":"Les B\u00e9casses","article_publisher":"https:\/\/www.facebook.com\/lesbecassescouture","article_modified_time":"2025-05-16T14:24:57+00:00","og_image":[{"width":2560,"height":2044,"url":"https:\/\/lesbecassescouture.fr\/wp-content\/uploads\/2025\/05\/bloomer_aubergine_12-mois-scaled.jpg","type":"image\/jpeg"}],"twitter_card":"summary_large_image","twitter_misc":{"Dur\u00e9e de lecture estim\u00e9e":"1 minute"},"schema":{"@context":"https:\/\/schema.org","@graph":[{"@type":"WebPage","@id":"https:\/\/lesbecassescouture.fr\/index.php\/produit\/bloomer-velours-aubergine\/","url":"https:\/\/lesbecassescouture.fr\/index.php\/produit\/bloomer-velours-aubergine\/","name":"Bloomer velours aubergine - Les B\u00e9casses","isPartOf":{"@id":"https:\/\/lesbecassescouture.fr\/#website"},"primaryImageOfPage":{"@id":"https:\/\/lesbecassescouture.fr\/index.php\/produit\/bloomer-velours-aubergine\/#primaryimage"},"image":{"@id":"https:\/\/lesbecassescouture.fr\/index.php\/produit\/bloomer-velours-aubergine\/#primaryimage"},"thumbnailUrl":"https:\/\/lesbecassescouture.fr\/wp-content\/uploads\/2025\/05\/bloomer_aubergine_12-mois-scaled.jpg","datePublished":"2025-05-16T14:11:27+00:00","dateModified":"2025-05-16T14:24:57+00:00","breadcrumb":{"@id":"https:\/\/lesbecassescouture.fr\/index.php\/produit\/bloomer-velours-aubergine\/#breadcrumb"},"inLanguage":"fr-FR","potentialAction":[{"@type":"ReadAction","target":["https:\/\/lesbecassescouture.fr\/index.php\/produit\/bloomer-velours-aubergine\/"]}]},{"@type":"ImageObject","inLanguage":"fr-FR","@id":"https:\/\/lesbecassescouture.fr\/index.php\/produit\/bloomer-velours-aubergine\/#primaryimage","url":"https:\/\/lesbecassescouture.fr\/wp-content\/uploads\/2025\/05\/bloomer_aubergine_12-mois-scaled.jpg","contentUrl":"https:\/\/lesbecassescouture.fr\/wp-content\/uploads\/2025\/05\/bloomer_aubergine_12-mois-scaled.jpg","width":2560,"height":2044},{"@type":"BreadcrumbList","@id":"https:\/\/lesbecassescouture.fr\/index.php\/produit\/bloomer-velours-aubergine\/#breadcrumb","itemListElement":[{"@type":"ListItem","position":1,"name":"Accueil","item":"https:\/\/lesbecassescouture.fr\/"},{"@type":"ListItem","position":2,"name":"Boutique","item":"https:\/\/lesbecassescouture.fr\/index.php\/boutique\/"},{"@type":"ListItem","position":3,"name":"Bloomer velours aubergine"}]},{"@type":"WebSite","@id":"https:\/\/lesbecassescouture.fr\/#website","url":"https:\/\/lesbecassescouture.fr\/","name":"Les B\u00e9casses","description":"","publisher":{"@id":"https:\/\/lesbecassescouture.fr\/#organization"},"potentialAction":[{"@type":"SearchAction","target":{"@type":"EntryPoint","urlTemplate":"https:\/\/lesbecassescouture.fr\/?s={search_term_string}"},"query-input":{"@type":"PropertyValueSpecification","valueRequired":true,"valueName":"search_term_string"}}],"inLanguage":"fr-FR"},{"@type":"Organization","@id":"https:\/\/lesbecassescouture.fr\/#organization","name":"Les B\u00e9casses","url":"https:\/\/lesbecassescouture.fr\/","logo":{"@type":"ImageObject","inLanguage":"fr-FR","@id":"https:\/\/lesbecassescouture.fr\/#\/schema\/logo\/image\/","url":"https:\/\/lesbecassescouture.fr\/wp-content\/uploads\/2025\/03\/cropped-banniere_etsy2.jpg","contentUrl":"https:\/\/lesbecassescouture.fr\/wp-content\/uploads\/2025\/03\/cropped-banniere_etsy2.jpg","width":2286,"height":630,"caption":"Les B\u00e9casses"},"image":{"@id":"https:\/\/lesbecassescouture.fr\/#\/schema\/logo\/image\/"},"sameAs":["https:\/\/www.facebook.com\/lesbecassescouture","https:\/\/www.instagram.com\/lesbecassescouture\/"]}]}},"_links":{"self":[{"href":"https:\/\/lesbecassescouture.fr\/index.php\/wp-json\/wp\/v2\/product\/211","targetHints":{"allow":["GET"]}}],"collection":[{"href":"https:\/\/lesbecassescouture.fr\/index.php\/wp-json\/wp\/v2\/product"}],"about":[{"href":"https:\/\/lesbecassescouture.fr\/index.php\/wp-json\/wp\/v2\/types\/product"}],"replies":[{"embeddable":true,"href":"https:\/\/lesbecassescouture.fr\/index.php\/wp-json\/wp\/v2\/comments?post=211"}],"wp:featuredmedia":[{"embeddable":true,"href":"https:\/\/lesbecassescouture.fr\/index.php\/wp-json\/wp\/v2\/media\/216"}],"wp:attachment":[{"href":"https:\/\/lesbecassescouture.fr\/index.php\/wp-json\/wp\/v2\/media?parent=211"}],"wp:term":[{"taxonomy":"product_brand","embeddable":true,"href":"https:\/\/lesbecassescouture.fr\/index.php\/wp-json\/wp\/v2\/product_brand?post=211"},{"taxonomy":"product_cat","embeddable":true,"href":"https:\/\/lesbecassescouture.fr\/index.php\/wp-json\/wp\/v2\/product_cat?post=211"},{"taxonomy":"product_tag","embeddable":true,"href":"https:\/\/lesbecassescouture.fr\/index.php\/wp-json\/wp\/v2\/product_tag?post=211"}],"curies":[{"name":"wp","href":"https:\/\/api.w.org\/{rel}","templated":true}]}}