{"id":207,"date":"2025-05-16T15:57:37","date_gmt":"2025-05-16T13:57:37","guid":{"rendered":"https:\/\/lesbecassescouture.fr\/?post_type=product&#038;p=207"},"modified":"2025-06-20T16:26:11","modified_gmt":"2025-06-20T14:26:11","slug":"bavoir-enfant","status":"publish","type":"product","link":"https:\/\/lesbecassescouture.fr\/index.php\/produit\/bavoir-enfant\/","title":{"rendered":"Bavoir enfant"},"content":{"rendered":"<p class=\"\" data-start=\"144\" data-end=\"218\"><strong data-start=\"144\" data-end=\"218\">Bavoir enfant +18 mois \u2013 Autonomie, confort et protection au quotidien<\/strong><\/p>\n<p class=\"\" data-start=\"220\" data-end=\"491\">Pens\u00e9 pour les enfants qui grandissent, ce bavoir avec encolure \u00e9lastique est parfait pour les plus de 18 mois. Gr\u00e2ce \u00e0 son col extensible, votre enfant peut l\u2019enfiler et le retirer tout seul, favorisant ainsi son autonomie pendant les repas ou les activit\u00e9s salissantes.<\/p>\n<p class=\"\" data-start=\"493\" data-end=\"726\">Confectionn\u00e9 \u00e0 la main dans des tissus doux et absorbants, il prot\u00e8ge efficacement les v\u00eatements tout en \u00e9tant confortable \u00e0 porter. Pratique, solide et lavable en machine, il accompagne les repas du quotidien avec style et s\u00e9r\u00e9nit\u00e9.<\/p>\n<ul>\n<li>\u00a0Col \u00e9lastique : facile \u00e0 enfiler seul<\/li>\n<li>\u00a0Taille adapt\u00e9e aux enfants de +18 mois<\/li>\n<li>Tissu doux, absorbant et r\u00e9sistant<\/li>\n<li>Fait main avec soin<\/li>\n<li>Lavable en machine<\/li>\n<\/ul>\n<p class=\"\" data-start=\"903\" data-end=\"984\">Un indispensable pour les petits gourmands qui veulent faire \u201ccomme les grands\u201d !<\/p>\n","protected":false},"excerpt":{"rendered":"<p class=\"\" data-start=\"78\" data-end=\"130\"><strong data-start=\"78\" data-end=\"130\">Bavoir enfant +18 mois \u2013 Autonomie et protection<\/strong><\/p>\n<p class=\"\" data-start=\"132\" data-end=\"295\">Avec son col \u00e9lastique, ce bavoir s\u2019enfile facilement, m\u00eame tout seul !<br data-start=\"203\" data-end=\"206\" \/>Parfait pour les repas ou les activit\u00e9s manuelles, il prot\u00e8ge efficacement les v\u00eatements.<\/p>\n<p class=\"\" data-start=\"297\" data-end=\"357\">\ud83e\uddf5 Fait main \u2013 Doux, absorbant \u2013 Facile \u00e0 enfiler et \u00e0 laver<\/p>\n","protected":false},"featured_media":386,"comment_status":"open","ping_status":"closed","template":"","meta":{"ocean_post_layout":"","ocean_both_sidebars_style":"","ocean_both_sidebars_content_width":0,"ocean_both_sidebars_sidebars_width":0,"ocean_sidebar":"0","ocean_second_sidebar":"0","ocean_disable_margins":"enable","ocean_add_body_class":"","ocean_shortcode_before_top_bar":"","ocean_shortcode_after_top_bar":"","ocean_shortcode_before_header":"","ocean_shortcode_after_header":"","ocean_has_shortcode":"","ocean_shortcode_after_title":"","ocean_shortcode_before_footer_widgets":"","ocean_shortcode_after_footer_widgets":"","ocean_shortcode_before_footer_bottom":"","ocean_shortcode_after_footer_bottom":"","ocean_display_top_bar":"default","ocean_display_header":"default","ocean_header_style":"","ocean_center_header_left_menu":"0","ocean_custom_header_template":"0","ocean_custom_logo":0,"ocean_custom_retina_logo":0,"ocean_custom_logo_max_width":0,"ocean_custom_logo_tablet_max_width":0,"ocean_custom_logo_mobile_max_width":0,"ocean_custom_logo_max_height":0,"ocean_custom_logo_tablet_max_height":0,"ocean_custom_logo_mobile_max_height":0,"ocean_header_custom_menu":"0","ocean_menu_typo_font_family":"0","ocean_menu_typo_font_subset":"","ocean_menu_typo_font_size":0,"ocean_menu_typo_font_size_tablet":0,"ocean_menu_typo_font_size_mobile":0,"ocean_menu_typo_font_size_unit":"px","ocean_menu_typo_font_weight":"","ocean_menu_typo_font_weight_tablet":"","ocean_menu_typo_font_weight_mobile":"","ocean_menu_typo_transform":"","ocean_menu_typo_transform_tablet":"","ocean_menu_typo_transform_mobile":"","ocean_menu_typo_line_height":0,"ocean_menu_typo_line_height_tablet":0,"ocean_menu_typo_line_height_mobile":0,"ocean_menu_typo_line_height_unit":"","ocean_menu_typo_spacing":0,"ocean_menu_typo_spacing_tablet":0,"ocean_menu_typo_spacing_mobile":0,"ocean_menu_typo_spacing_unit":"","ocean_menu_link_color":"","ocean_menu_link_color_hover":"","ocean_menu_link_color_active":"","ocean_menu_link_background":"","ocean_menu_link_hover_background":"","ocean_menu_link_active_background":"","ocean_menu_social_links_bg":"","ocean_menu_social_hover_links_bg":"","ocean_menu_social_links_color":"","ocean_menu_social_hover_links_color":"","ocean_disable_title":"default","ocean_disable_heading":"default","ocean_post_title":"","ocean_post_subheading":"","ocean_post_title_style":"","ocean_post_title_background_color":"","ocean_post_title_background":0,"ocean_post_title_bg_image_position":"","ocean_post_title_bg_image_attachment":"","ocean_post_title_bg_image_repeat":"","ocean_post_title_bg_image_size":"","ocean_post_title_height":0,"ocean_post_title_bg_overlay":0.5,"ocean_post_title_bg_overlay_color":"","ocean_disable_breadcrumbs":"default","ocean_breadcrumbs_color":"","ocean_breadcrumbs_separator_color":"","ocean_breadcrumbs_links_color":"","ocean_breadcrumbs_links_hover_color":"","ocean_display_footer_widgets":"default","ocean_display_footer_bottom":"default","ocean_custom_footer_template":"0"},"product_brand":[],"product_cat":[34,41,42,45],"product_tag":[],"class_list":{"0":"post-207","1":"product","2":"type-product","3":"status-publish","4":"has-post-thumbnail","6":"product_cat-enfant","7":"product_cat-cuisine-enfant","8":"product_cat-accessoires","9":"product_cat-cuisine-accessoires","11":"entry","12":"has-media","14":"first","15":"instock","16":"shipping-taxable","17":"purchasable","18":"product-type-variable","19":"has-product-nav","20":"col","21":"span_1_of_3","22":"owp-content-left","23":"owp-thumbs-layout-horizontal","24":"owp-btn-normal","25":"owp-tabs-layout-horizontal"},"yoast_head":"<!-- This site is optimized with the Yoast SEO plugin v27.4 - https:\/\/yoast.com\/product\/yoast-seo-wordpress\/ -->\n<title>Bavoir enfant - Les B\u00e9casses<\/title>\n<meta name=\"robots\" content=\"index, follow, max-snippet:-1, max-image-preview:large, max-video-preview:-1\" \/>\n<link rel=\"canonical\" href=\"https:\/\/lesbecassescouture.fr\/index.php\/produit\/bavoir-enfant\/\" \/>\n<meta property=\"og:locale\" content=\"fr_FR\" \/>\n<meta property=\"og:type\" content=\"article\" \/>\n<meta property=\"og:title\" content=\"Bavoir enfant - Les B\u00e9casses\" \/>\n<meta property=\"og:description\" content=\"Bavoir enfant +18 mois \u2013 Autonomie et protection Avec son col \u00e9lastique, ce bavoir s\u2019enfile facilement, m\u00eame tout seul !Parfait pour les repas ou les activit\u00e9s manuelles, il prot\u00e8ge efficacement les v\u00eatements. \ud83e\uddf5 Fait main \u2013 Doux, absorbant \u2013 Facile \u00e0 enfiler et \u00e0 laver\" \/>\n<meta property=\"og:url\" content=\"https:\/\/lesbecassescouture.fr\/index.php\/produit\/bavoir-enfant\/\" \/>\n<meta property=\"og:site_name\" content=\"Les B\u00e9casses\" \/>\n<meta property=\"article:publisher\" content=\"https:\/\/www.facebook.com\/lesbecassescouture\" \/>\n<meta property=\"article:modified_time\" content=\"2025-06-20T14:26:11+00:00\" \/>\n<meta property=\"og:image\" content=\"https:\/\/lesbecassescouture.fr\/wp-content\/uploads\/2025\/06\/IMG_2624-scaled.jpg\" \/>\n\t<meta property=\"og:image:width\" content=\"1707\" \/>\n\t<meta property=\"og:image:height\" content=\"2560\" \/>\n\t<meta property=\"og:image:type\" content=\"image\/jpeg\" \/>\n<meta name=\"twitter:card\" content=\"summary_large_image\" \/>\n<meta name=\"twitter:label1\" content=\"Dur\u00e9e de lecture estim\u00e9e\" \/>\n\t<meta name=\"twitter:data1\" content=\"1 minute\" \/>\n<script type=\"application\/ld+json\" class=\"yoast-schema-graph\">{\"@context\":\"https:\\\/\\\/schema.org\",\"@graph\":[{\"@type\":\"WebPage\",\"@id\":\"https:\\\/\\\/lesbecassescouture.fr\\\/index.php\\\/produit\\\/bavoir-enfant\\\/\",\"url\":\"https:\\\/\\\/lesbecassescouture.fr\\\/index.php\\\/produit\\\/bavoir-enfant\\\/\",\"name\":\"Bavoir enfant - Les B\u00e9casses\",\"isPartOf\":{\"@id\":\"https:\\\/\\\/lesbecassescouture.fr\\\/#website\"},\"primaryImageOfPage\":{\"@id\":\"https:\\\/\\\/lesbecassescouture.fr\\\/index.php\\\/produit\\\/bavoir-enfant\\\/#primaryimage\"},\"image\":{\"@id\":\"https:\\\/\\\/lesbecassescouture.fr\\\/index.php\\\/produit\\\/bavoir-enfant\\\/#primaryimage\"},\"thumbnailUrl\":\"https:\\\/\\\/lesbecassescouture.fr\\\/wp-content\\\/uploads\\\/2025\\\/06\\\/IMG_2624-scaled.jpg\",\"datePublished\":\"2025-05-16T13:57:37+00:00\",\"dateModified\":\"2025-06-20T14:26:11+00:00\",\"breadcrumb\":{\"@id\":\"https:\\\/\\\/lesbecassescouture.fr\\\/index.php\\\/produit\\\/bavoir-enfant\\\/#breadcrumb\"},\"inLanguage\":\"fr-FR\",\"potentialAction\":[{\"@type\":\"ReadAction\",\"target\":[\"https:\\\/\\\/lesbecassescouture.fr\\\/index.php\\\/produit\\\/bavoir-enfant\\\/\"]}]},{\"@type\":\"ImageObject\",\"inLanguage\":\"fr-FR\",\"@id\":\"https:\\\/\\\/lesbecassescouture.fr\\\/index.php\\\/produit\\\/bavoir-enfant\\\/#primaryimage\",\"url\":\"https:\\\/\\\/lesbecassescouture.fr\\\/wp-content\\\/uploads\\\/2025\\\/06\\\/IMG_2624-scaled.jpg\",\"contentUrl\":\"https:\\\/\\\/lesbecassescouture.fr\\\/wp-content\\\/uploads\\\/2025\\\/06\\\/IMG_2624-scaled.jpg\",\"width\":1707,\"height\":2560},{\"@type\":\"BreadcrumbList\",\"@id\":\"https:\\\/\\\/lesbecassescouture.fr\\\/index.php\\\/produit\\\/bavoir-enfant\\\/#breadcrumb\",\"itemListElement\":[{\"@type\":\"ListItem\",\"position\":1,\"name\":\"Accueil\",\"item\":\"https:\\\/\\\/lesbecassescouture.fr\\\/\"},{\"@type\":\"ListItem\",\"position\":2,\"name\":\"Boutique\",\"item\":\"https:\\\/\\\/lesbecassescouture.fr\\\/index.php\\\/boutique\\\/\"},{\"@type\":\"ListItem\",\"position\":3,\"name\":\"Bavoir enfant\"}]},{\"@type\":\"WebSite\",\"@id\":\"https:\\\/\\\/lesbecassescouture.fr\\\/#website\",\"url\":\"https:\\\/\\\/lesbecassescouture.fr\\\/\",\"name\":\"Les B\u00e9casses\",\"description\":\"\",\"publisher\":{\"@id\":\"https:\\\/\\\/lesbecassescouture.fr\\\/#organization\"},\"potentialAction\":[{\"@type\":\"SearchAction\",\"target\":{\"@type\":\"EntryPoint\",\"urlTemplate\":\"https:\\\/\\\/lesbecassescouture.fr\\\/?s={search_term_string}\"},\"query-input\":{\"@type\":\"PropertyValueSpecification\",\"valueRequired\":true,\"valueName\":\"search_term_string\"}}],\"inLanguage\":\"fr-FR\"},{\"@type\":\"Organization\",\"@id\":\"https:\\\/\\\/lesbecassescouture.fr\\\/#organization\",\"name\":\"Les B\u00e9casses\",\"url\":\"https:\\\/\\\/lesbecassescouture.fr\\\/\",\"logo\":{\"@type\":\"ImageObject\",\"inLanguage\":\"fr-FR\",\"@id\":\"https:\\\/\\\/lesbecassescouture.fr\\\/#\\\/schema\\\/logo\\\/image\\\/\",\"url\":\"https:\\\/\\\/lesbecassescouture.fr\\\/wp-content\\\/uploads\\\/2025\\\/03\\\/cropped-banniere_etsy2.jpg\",\"contentUrl\":\"https:\\\/\\\/lesbecassescouture.fr\\\/wp-content\\\/uploads\\\/2025\\\/03\\\/cropped-banniere_etsy2.jpg\",\"width\":2286,\"height\":630,\"caption\":\"Les B\u00e9casses\"},\"image\":{\"@id\":\"https:\\\/\\\/lesbecassescouture.fr\\\/#\\\/schema\\\/logo\\\/image\\\/\"},\"sameAs\":[\"https:\\\/\\\/www.facebook.com\\\/lesbecassescouture\",\"https:\\\/\\\/www.instagram.com\\\/lesbecassescouture\\\/\"]}]}<\/script>\n<!-- \/ Yoast SEO plugin. -->","yoast_head_json":{"title":"Bavoir enfant - Les B\u00e9casses","robots":{"index":"index","follow":"follow","max-snippet":"max-snippet:-1","max-image-preview":"max-image-preview:large","max-video-preview":"max-video-preview:-1"},"canonical":"https:\/\/lesbecassescouture.fr\/index.php\/produit\/bavoir-enfant\/","og_locale":"fr_FR","og_type":"article","og_title":"Bavoir enfant - Les B\u00e9casses","og_description":"Bavoir enfant +18 mois \u2013 Autonomie et protection Avec son col \u00e9lastique, ce bavoir s\u2019enfile facilement, m\u00eame tout seul !Parfait pour les repas ou les activit\u00e9s manuelles, il prot\u00e8ge efficacement les v\u00eatements. \ud83e\uddf5 Fait main \u2013 Doux, absorbant \u2013 Facile \u00e0 enfiler et \u00e0 laver","og_url":"https:\/\/lesbecassescouture.fr\/index.php\/produit\/bavoir-enfant\/","og_site_name":"Les B\u00e9casses","article_publisher":"https:\/\/www.facebook.com\/lesbecassescouture","article_modified_time":"2025-06-20T14:26:11+00:00","og_image":[{"width":1707,"height":2560,"url":"https:\/\/lesbecassescouture.fr\/wp-content\/uploads\/2025\/06\/IMG_2624-scaled.jpg","type":"image\/jpeg"}],"twitter_card":"summary_large_image","twitter_misc":{"Dur\u00e9e de lecture estim\u00e9e":"1 minute"},"schema":{"@context":"https:\/\/schema.org","@graph":[{"@type":"WebPage","@id":"https:\/\/lesbecassescouture.fr\/index.php\/produit\/bavoir-enfant\/","url":"https:\/\/lesbecassescouture.fr\/index.php\/produit\/bavoir-enfant\/","name":"Bavoir enfant - Les B\u00e9casses","isPartOf":{"@id":"https:\/\/lesbecassescouture.fr\/#website"},"primaryImageOfPage":{"@id":"https:\/\/lesbecassescouture.fr\/index.php\/produit\/bavoir-enfant\/#primaryimage"},"image":{"@id":"https:\/\/lesbecassescouture.fr\/index.php\/produit\/bavoir-enfant\/#primaryimage"},"thumbnailUrl":"https:\/\/lesbecassescouture.fr\/wp-content\/uploads\/2025\/06\/IMG_2624-scaled.jpg","datePublished":"2025-05-16T13:57:37+00:00","dateModified":"2025-06-20T14:26:11+00:00","breadcrumb":{"@id":"https:\/\/lesbecassescouture.fr\/index.php\/produit\/bavoir-enfant\/#breadcrumb"},"inLanguage":"fr-FR","potentialAction":[{"@type":"ReadAction","target":["https:\/\/lesbecassescouture.fr\/index.php\/produit\/bavoir-enfant\/"]}]},{"@type":"ImageObject","inLanguage":"fr-FR","@id":"https:\/\/lesbecassescouture.fr\/index.php\/produit\/bavoir-enfant\/#primaryimage","url":"https:\/\/lesbecassescouture.fr\/wp-content\/uploads\/2025\/06\/IMG_2624-scaled.jpg","contentUrl":"https:\/\/lesbecassescouture.fr\/wp-content\/uploads\/2025\/06\/IMG_2624-scaled.jpg","width":1707,"height":2560},{"@type":"BreadcrumbList","@id":"https:\/\/lesbecassescouture.fr\/index.php\/produit\/bavoir-enfant\/#breadcrumb","itemListElement":[{"@type":"ListItem","position":1,"name":"Accueil","item":"https:\/\/lesbecassescouture.fr\/"},{"@type":"ListItem","position":2,"name":"Boutique","item":"https:\/\/lesbecassescouture.fr\/index.php\/boutique\/"},{"@type":"ListItem","position":3,"name":"Bavoir enfant"}]},{"@type":"WebSite","@id":"https:\/\/lesbecassescouture.fr\/#website","url":"https:\/\/lesbecassescouture.fr\/","name":"Les B\u00e9casses","description":"","publisher":{"@id":"https:\/\/lesbecassescouture.fr\/#organization"},"potentialAction":[{"@type":"SearchAction","target":{"@type":"EntryPoint","urlTemplate":"https:\/\/lesbecassescouture.fr\/?s={search_term_string}"},"query-input":{"@type":"PropertyValueSpecification","valueRequired":true,"valueName":"search_term_string"}}],"inLanguage":"fr-FR"},{"@type":"Organization","@id":"https:\/\/lesbecassescouture.fr\/#organization","name":"Les B\u00e9casses","url":"https:\/\/lesbecassescouture.fr\/","logo":{"@type":"ImageObject","inLanguage":"fr-FR","@id":"https:\/\/lesbecassescouture.fr\/#\/schema\/logo\/image\/","url":"https:\/\/lesbecassescouture.fr\/wp-content\/uploads\/2025\/03\/cropped-banniere_etsy2.jpg","contentUrl":"https:\/\/lesbecassescouture.fr\/wp-content\/uploads\/2025\/03\/cropped-banniere_etsy2.jpg","width":2286,"height":630,"caption":"Les B\u00e9casses"},"image":{"@id":"https:\/\/lesbecassescouture.fr\/#\/schema\/logo\/image\/"},"sameAs":["https:\/\/www.facebook.com\/lesbecassescouture","https:\/\/www.instagram.com\/lesbecassescouture\/"]}]}},"_links":{"self":[{"href":"https:\/\/lesbecassescouture.fr\/index.php\/wp-json\/wp\/v2\/product\/207","targetHints":{"allow":["GET"]}}],"collection":[{"href":"https:\/\/lesbecassescouture.fr\/index.php\/wp-json\/wp\/v2\/product"}],"about":[{"href":"https:\/\/lesbecassescouture.fr\/index.php\/wp-json\/wp\/v2\/types\/product"}],"replies":[{"embeddable":true,"href":"https:\/\/lesbecassescouture.fr\/index.php\/wp-json\/wp\/v2\/comments?post=207"}],"wp:featuredmedia":[{"embeddable":true,"href":"https:\/\/lesbecassescouture.fr\/index.php\/wp-json\/wp\/v2\/media\/386"}],"wp:attachment":[{"href":"https:\/\/lesbecassescouture.fr\/index.php\/wp-json\/wp\/v2\/media?parent=207"}],"wp:term":[{"taxonomy":"product_brand","embeddable":true,"href":"https:\/\/lesbecassescouture.fr\/index.php\/wp-json\/wp\/v2\/product_brand?post=207"},{"taxonomy":"product_cat","embeddable":true,"href":"https:\/\/lesbecassescouture.fr\/index.php\/wp-json\/wp\/v2\/product_cat?post=207"},{"taxonomy":"product_tag","embeddable":true,"href":"https:\/\/lesbecassescouture.fr\/index.php\/wp-json\/wp\/v2\/product_tag?post=207"}],"curies":[{"name":"wp","href":"https:\/\/api.w.org\/{rel}","templated":true}]}}