{"id":133,"date":"2025-03-18T10:29:51","date_gmt":"2025-03-18T09:29:51","guid":{"rendered":"https:\/\/lesbecassescouture.fr\/?page_id=133"},"modified":"2025-05-20T14:19:27","modified_gmt":"2025-05-20T12:19:27","slug":"accueil","status":"publish","type":"page","link":"https:\/\/lesbecassescouture.fr\/","title":{"rendered":"Accueil"},"content":{"rendered":"\t\t<div data-elementor-type=\"wp-page\" data-elementor-id=\"133\" class=\"elementor elementor-133\">\n\t\t\t\t<div class=\"elementor-element elementor-element-5aca595 e-con-full e-flex e-con e-parent\" data-id=\"5aca595\" data-element_type=\"container\">\n\t\t<div class=\"elementor-element elementor-element-82e48e0 e-grid e-con-full e-con e-child\" data-id=\"82e48e0\" data-element_type=\"container\">\n\t\t\t\t<div class=\"elementor-element elementor-element-6eb7a20 elementor-widget elementor-widget-heading\" data-id=\"6eb7a20\" data-element_type=\"widget\" data-widget_type=\"heading.default\">\n\t\t\t\t<div class=\"elementor-widget-container\">\n\t\t\t\t\t<h2 class=\"elementor-heading-title elementor-size-default\"><p class=\"MsoNormal\" align=\"center\" style='margin-bottom:0cm;margin-bottom:.0001pt;text-align:center;line-height:normal;background:white;vertical-align:baseline'><span style='font-size:14.0pt;color:#004A60'>Des cr\u00e9ations pratiques et styl\u00e9es pour mamans,\nb\u00e9b\u00e9s et enfants<\/span><\/p>\n\n<p class=\"MsoNormal\" style='margin-bottom:0cm;margin-bottom:.0001pt;line-height:normal;background:white;vertical-align:baseline'><span style='font-size:14.0pt;color:#004A60'>&nbsp;<\/span><\/p>\n\n<p class=\"MsoNormal\" style='margin-bottom:13.6pt;line-height:normal;background:white;vertical-align:baseline'><span style='font-size:10.0pt;color:#004A60'>Je cr\u00e9e avec passion des v\u00eatements d\u2019allaitement\nconfortables et modernes, des habits tout doux pour b\u00e9b\u00e9s, ainsi que des\naccessoires pratiques et mignons pour les enfants et leurs mamans.<\/span><\/p>\n\n<p class=\"MsoNormal\" style='margin-bottom:13.6pt;line-height:normal;background:white;vertical-align:baseline'><span style='font-size:10.0pt;color:#004A60'>Chaque pi\u00e8ce est pens\u00e9e pour vous simplifier la vie\ntout en apportant une touche de style et de douceur. Je choisis avec soin les\nmati\u00e8res pour leur qualit\u00e9 et leur confort, et je confectionne chaque article\navec amour.<\/span><\/p>\n\n<p class=\"MsoListParagraphCxSpFirst\" style='margin-bottom:13.6pt;text-indent:-18.0pt;line-height:normal;background:white;vertical-align:baseline'><span style='font-size:10.0pt;font-family:Symbol;color:#004A60'><span>\u00b7<span style='font:7.0pt \"Times New Roman\"'>&nbsp;&nbsp;&nbsp;&nbsp;&nbsp;&nbsp;&nbsp;&nbsp;\n<\/span><\/span><\/span><span style='font-size:10.0pt;color:#004A60'>Fait main avec\nsoin<\/span><\/p>\n\n<p class=\"MsoListParagraphCxSpMiddle\" style='margin-bottom:13.6pt;text-indent:-18.0pt;line-height:normal;background:white;vertical-align:baseline'><span style='font-size:10.0pt;font-family:Symbol;color:#004A60'><span>\u00b7<span style='font:7.0pt \"Times New Roman\"'>&nbsp;&nbsp;&nbsp;&nbsp;&nbsp;&nbsp;&nbsp;&nbsp;\n<\/span><\/span><\/span><span style='font-size:10.0pt;color:#004A60'>Pratique,\nconfortable et joli<\/span><\/p>\n\n<p class=\"MsoListParagraphCxSpLast\" style='margin-bottom:13.6pt;text-indent:-18.0pt;line-height:normal;background:white;vertical-align:baseline'><span style='font-size:10.0pt;font-family:Symbol;color:#004A60'><span>\u00b7<span style='font:7.0pt \"Times New Roman\"'>&nbsp;&nbsp;&nbsp;&nbsp;&nbsp;&nbsp;&nbsp;&nbsp;\n<\/span><\/span><\/span><span style='font-size:10.0pt;color:#004A60'>Pens\u00e9 pour les\nfamilles du quotidien<\/span><\/p>\n\n<p class=\"MsoNormal\" align=\"center\" style='margin-bottom:0cm;margin-bottom:.0001pt;text-align:center;line-height:normal;background:white;vertical-align:baseline'><span style='font-size:13.5pt;color:#004A60'>Bienvenue dans\nmon univers d\u00e9di\u00e9 aux mamans et \u00e0 leurs petits tr\u00e9sors !<\/span><span style='font-size:10.0pt;color:#004A60'><\/span><\/p>\n<\/h2>\t\t\t\t<\/div>\n\t\t\t\t<\/div>\n\t\t\t\t<div class=\"elementor-element elementor-element-c531acb elementor-widget elementor-widget-image\" data-id=\"c531acb\" data-element_type=\"widget\" data-widget_type=\"image.default\">\n\t\t\t\t<div class=\"elementor-widget-container\">\n\t\t\t\t\t\t\t\t\t\t\t\t\t\t\t<img fetchpriority=\"high\" decoding=\"async\" width=\"1024\" height=\"768\" src=\"https:\/\/lesbecassescouture.fr\/wp-content\/uploads\/2025\/05\/montage-vitrine-site-1024x768.jpg\" class=\"attachment-large size-large wp-image-297\" alt=\"\" srcset=\"https:\/\/lesbecassescouture.fr\/wp-content\/uploads\/2025\/05\/montage-vitrine-site-1024x768.jpg 1024w, https:\/\/lesbecassescouture.fr\/wp-content\/uploads\/2025\/05\/montage-vitrine-site-300x225.jpg 300w, https:\/\/lesbecassescouture.fr\/wp-content\/uploads\/2025\/05\/montage-vitrine-site-768x576.jpg 768w, https:\/\/lesbecassescouture.fr\/wp-content\/uploads\/2025\/05\/montage-vitrine-site-1536x1152.jpg 1536w, https:\/\/lesbecassescouture.fr\/wp-content\/uploads\/2025\/05\/montage-vitrine-site-600x450.jpg 600w, https:\/\/lesbecassescouture.fr\/wp-content\/uploads\/2025\/05\/montage-vitrine-site.jpg 2000w\" sizes=\"(max-width: 1024px) 100vw, 1024px\" \/>\t\t\t\t\t\t\t\t\t\t\t\t\t\t\t<\/div>\n\t\t\t\t<\/div>\n\t\t\t\t<div class=\"elementor-element elementor-element-be46011 elementor-widget elementor-widget-image\" data-id=\"be46011\" data-element_type=\"widget\" data-widget_type=\"image.default\">\n\t\t\t\t<div class=\"elementor-widget-container\">\n\t\t\t\t\t\t\t\t\t\t\t\t\t\t\t<img decoding=\"async\" width=\"300\" height=\"300\" src=\"https:\/\/lesbecassescouture.fr\/wp-content\/uploads\/2025\/05\/IMG_0576_carre-300x300.jpg\" class=\"attachment-medium size-medium wp-image-305\" alt=\"\" srcset=\"https:\/\/lesbecassescouture.fr\/wp-content\/uploads\/2025\/05\/IMG_0576_carre-300x300.jpg 300w, https:\/\/lesbecassescouture.fr\/wp-content\/uploads\/2025\/05\/IMG_0576_carre-1024x1024.jpg 1024w, https:\/\/lesbecassescouture.fr\/wp-content\/uploads\/2025\/05\/IMG_0576_carre-150x150.jpg 150w, https:\/\/lesbecassescouture.fr\/wp-content\/uploads\/2025\/05\/IMG_0576_carre-768x768.jpg 768w, https:\/\/lesbecassescouture.fr\/wp-content\/uploads\/2025\/05\/IMG_0576_carre-1536x1536.jpg 1536w, https:\/\/lesbecassescouture.fr\/wp-content\/uploads\/2025\/05\/IMG_0576_carre-600x600.jpg 600w, https:\/\/lesbecassescouture.fr\/wp-content\/uploads\/2025\/05\/IMG_0576_carre-100x100.jpg 100w, https:\/\/lesbecassescouture.fr\/wp-content\/uploads\/2025\/05\/IMG_0576_carre.jpg 1968w\" sizes=\"(max-width: 300px) 100vw, 300px\" \/>\t\t\t\t\t\t\t\t\t\t\t\t\t\t\t<\/div>\n\t\t\t\t<\/div>\n\t\t\t\t<div class=\"elementor-element elementor-element-888858e elementor-widget elementor-widget-heading\" data-id=\"888858e\" data-element_type=\"widget\" data-widget_type=\"heading.default\">\n\t\t\t\t<div class=\"elementor-widget-container\">\n\t\t\t\t\t<h5 class=\"elementor-heading-title elementor-size-default\"><p align=\"center\" style=\"margin-bottom:0cm;margin-bottom:.0001pt;text-align:center;line-height:normal;background:white;vertical-align:baseline\"><br><\/p><p style=\"margin-bottom:13.6pt;line-height:normal;background:white;vertical-align:baseline\"><span style=\", sans-serif;font-size: 13.3333px;font-style: normal;font-weight: 600\">Je m'appelle B\u00e9n\u00e9dicte et je suis la cr\u00e9atrice de cette boutique d\u00e9di\u00e9e aux b\u00e9b\u00e9s, aux enfants et \u00e0 leurs mamans.<\/span><\/p><span style=\", sans-serif;font-size: 13.3333px;font-style: normal;font-weight: 600\">Ma passion pour l\u2019univers enfant et mon exp\u00e9rience de maman m\u2019ont naturellement men\u00e9e \u00e0 cr\u00e9er des articles faits main, \u00e0 la fois pratiques, doux et uniques.<\/span><br><br><br>\n\n<p style=\"margin-bottom:13.6pt;line-height:normal;background:white;vertical-align:baseline\"><span style=\", sans-serif;font-size: 10pt;font-style: normal;font-weight: 600\">C\u2019est en vivant l\u2019allaitement que j\u2019ai eu envie de proposer une gamme sp\u00e9cialement pens\u00e9e pour les mamans, alliant confort et f\u00e9minit\u00e9.<\/span><br><span style=\", sans-serif;font-size: 10pt;font-style: normal;font-weight: 600\">\n\n\nToutes mes cr\u00e9ations sont r\u00e9alis\u00e9es avec soin, en petites s\u00e9ries, dans mon atelier. <\/span><\/p><br><p style=\"margin-bottom:13.6pt;line-height:normal;background:white;vertical-align:baseline\"><span style=\", sans-serif;font-size: 10pt;font-style: normal;font-weight: 600\">Merci de soutenir l\u2019artisanat et de faire partie de cette belle aventure \ud83d\udc9b<\/span><span style=\"color: var( --e-global-color-primary );font-size: 14px;font-weight: 600;text-align: var(--text-align)\"><\/span><\/p><\/h5>\t\t\t\t<\/div>\n\t\t\t\t<\/div>\n\t\t\t\t<\/div>\n\t\t\t\t<\/div>\n\t\t\t\t<\/div>\n\t\t","protected":false},"excerpt":{"rendered":"<p>Des cr\u00e9ations pratiques et styl\u00e9es pour mamans, b\u00e9b\u00e9s et enfants &nbsp; Je cr\u00e9e avec passion des v\u00eatements d\u2019allaitement confortables et modernes, des habits tout doux pour b\u00e9b\u00e9s, ainsi que des accessoires pratiques et mignons pour les enfants et leurs mamans. Chaque pi\u00e8ce est pens\u00e9e pour vous simplifier la vie tout en apportant une touche de [&hellip;]<\/p>\n","protected":false},"author":1,"featured_media":0,"parent":0,"menu_order":0,"comment_status":"closed","ping_status":"closed","template":"","meta":{"ocean_post_layout":"","ocean_both_sidebars_style":"","ocean_both_sidebars_content_width":0,"ocean_both_sidebars_sidebars_width":0,"ocean_sidebar":"","ocean_second_sidebar":"","ocean_disable_margins":"enable","ocean_add_body_class":"","ocean_shortcode_before_top_bar":"","ocean_shortcode_after_top_bar":"","ocean_shortcode_before_header":"","ocean_shortcode_after_header":"","ocean_has_shortcode":"","ocean_shortcode_after_title":"","ocean_shortcode_before_footer_widgets":"","ocean_shortcode_after_footer_widgets":"","ocean_shortcode_before_footer_bottom":"","ocean_shortcode_after_footer_bottom":"","ocean_display_top_bar":"default","ocean_display_header":"default","ocean_header_style":"","ocean_center_header_left_menu":"","ocean_custom_header_template":"","ocean_custom_logo":0,"ocean_custom_retina_logo":0,"ocean_custom_logo_max_width":0,"ocean_custom_logo_tablet_max_width":0,"ocean_custom_logo_mobile_max_width":0,"ocean_custom_logo_max_height":0,"ocean_custom_logo_tablet_max_height":0,"ocean_custom_logo_mobile_max_height":0,"ocean_header_custom_menu":"","ocean_menu_typo_font_family":"","ocean_menu_typo_font_subset":"","ocean_menu_typo_font_size":0,"ocean_menu_typo_font_size_tablet":0,"ocean_menu_typo_font_size_mobile":0,"ocean_menu_typo_font_size_unit":"px","ocean_menu_typo_font_weight":"","ocean_menu_typo_font_weight_tablet":"","ocean_menu_typo_font_weight_mobile":"","ocean_menu_typo_transform":"","ocean_menu_typo_transform_tablet":"","ocean_menu_typo_transform_mobile":"","ocean_menu_typo_line_height":0,"ocean_menu_typo_line_height_tablet":0,"ocean_menu_typo_line_height_mobile":0,"ocean_menu_typo_line_height_unit":"","ocean_menu_typo_spacing":0,"ocean_menu_typo_spacing_tablet":0,"ocean_menu_typo_spacing_mobile":0,"ocean_menu_typo_spacing_unit":"","ocean_menu_link_color":"","ocean_menu_link_color_hover":"","ocean_menu_link_color_active":"","ocean_menu_link_background":"","ocean_menu_link_hover_background":"","ocean_menu_link_active_background":"","ocean_menu_social_links_bg":"","ocean_menu_social_hover_links_bg":"","ocean_menu_social_links_color":"","ocean_menu_social_hover_links_color":"","ocean_disable_title":"on","ocean_disable_heading":"default","ocean_post_title":"","ocean_post_subheading":"","ocean_post_title_style":"","ocean_post_title_background_color":"","ocean_post_title_background":0,"ocean_post_title_bg_image_position":"","ocean_post_title_bg_image_attachment":"","ocean_post_title_bg_image_repeat":"","ocean_post_title_bg_image_size":"","ocean_post_title_height":0,"ocean_post_title_bg_overlay":0.5,"ocean_post_title_bg_overlay_color":"","ocean_disable_breadcrumbs":"default","ocean_breadcrumbs_color":"","ocean_breadcrumbs_separator_color":"","ocean_breadcrumbs_links_color":"","ocean_breadcrumbs_links_hover_color":"","ocean_display_footer_widgets":"default","ocean_display_footer_bottom":"default","ocean_custom_footer_template":"","footnotes":""},"class_list":["post-133","page","type-page","status-publish","hentry","entry","owp-thumbs-layout-horizontal","owp-btn-normal","owp-tabs-layout-horizontal","has-no-thumbnails","has-product-nav"],"yoast_head":"<!-- This site is optimized with the Yoast SEO plugin v27.4 - https:\/\/yoast.com\/product\/yoast-seo-wordpress\/ -->\n<title>Accueil - Les B\u00e9casses<\/title>\n<meta name=\"robots\" content=\"index, follow, max-snippet:-1, max-image-preview:large, max-video-preview:-1\" \/>\n<link rel=\"canonical\" href=\"https:\/\/lesbecassescouture.fr\/\" \/>\n<meta property=\"og:locale\" content=\"fr_FR\" \/>\n<meta property=\"og:type\" content=\"article\" \/>\n<meta property=\"og:title\" content=\"Accueil - Les B\u00e9casses\" \/>\n<meta property=\"og:description\" content=\"Des cr\u00e9ations pratiques et styl\u00e9es pour mamans, b\u00e9b\u00e9s et enfants &nbsp; Je cr\u00e9e avec passion des v\u00eatements d\u2019allaitement confortables et modernes, des habits tout doux pour b\u00e9b\u00e9s, ainsi que des accessoires pratiques et mignons pour les enfants et leurs mamans. Chaque pi\u00e8ce est pens\u00e9e pour vous simplifier la vie tout en apportant une touche de [&hellip;]\" \/>\n<meta property=\"og:url\" content=\"https:\/\/lesbecassescouture.fr\/\" \/>\n<meta property=\"og:site_name\" content=\"Les B\u00e9casses\" \/>\n<meta property=\"article:publisher\" content=\"https:\/\/www.facebook.com\/lesbecassescouture\" \/>\n<meta property=\"article:modified_time\" content=\"2025-05-20T12:19:27+00:00\" \/>\n<meta property=\"og:image\" content=\"http:\/\/lesbecassescouture.fr\/wp-content\/uploads\/2025\/05\/montage-vitrine-site-1024x768.jpg\" \/>\n<meta name=\"twitter:card\" content=\"summary_large_image\" \/>\n<meta name=\"twitter:label1\" content=\"Dur\u00e9e de lecture estim\u00e9e\" \/>\n\t<meta name=\"twitter:data1\" content=\"2 minutes\" \/>\n<script type=\"application\/ld+json\" class=\"yoast-schema-graph\">{\"@context\":\"https:\\\/\\\/schema.org\",\"@graph\":[{\"@type\":\"WebPage\",\"@id\":\"https:\\\/\\\/lesbecassescouture.fr\\\/\",\"url\":\"https:\\\/\\\/lesbecassescouture.fr\\\/\",\"name\":\"Accueil - Les B\u00e9casses\",\"isPartOf\":{\"@id\":\"https:\\\/\\\/lesbecassescouture.fr\\\/#website\"},\"primaryImageOfPage\":{\"@id\":\"https:\\\/\\\/lesbecassescouture.fr\\\/#primaryimage\"},\"image\":{\"@id\":\"https:\\\/\\\/lesbecassescouture.fr\\\/#primaryimage\"},\"thumbnailUrl\":\"http:\\\/\\\/lesbecassescouture.fr\\\/wp-content\\\/uploads\\\/2025\\\/05\\\/montage-vitrine-site-1024x768.jpg\",\"datePublished\":\"2025-03-18T09:29:51+00:00\",\"dateModified\":\"2025-05-20T12:19:27+00:00\",\"breadcrumb\":{\"@id\":\"https:\\\/\\\/lesbecassescouture.fr\\\/#breadcrumb\"},\"inLanguage\":\"fr-FR\",\"potentialAction\":[{\"@type\":\"ReadAction\",\"target\":[\"https:\\\/\\\/lesbecassescouture.fr\\\/\"]}]},{\"@type\":\"ImageObject\",\"inLanguage\":\"fr-FR\",\"@id\":\"https:\\\/\\\/lesbecassescouture.fr\\\/#primaryimage\",\"url\":\"http:\\\/\\\/lesbecassescouture.fr\\\/wp-content\\\/uploads\\\/2025\\\/05\\\/montage-vitrine-site-1024x768.jpg\",\"contentUrl\":\"http:\\\/\\\/lesbecassescouture.fr\\\/wp-content\\\/uploads\\\/2025\\\/05\\\/montage-vitrine-site-1024x768.jpg\"},{\"@type\":\"BreadcrumbList\",\"@id\":\"https:\\\/\\\/lesbecassescouture.fr\\\/#breadcrumb\",\"itemListElement\":[{\"@type\":\"ListItem\",\"position\":1,\"name\":\"Accueil\",\"item\":\"https:\\\/\\\/lesbecassescouture.fr\\\/\"},{\"@type\":\"ListItem\",\"position\":2,\"name\":\"Accueil\"}]},{\"@type\":\"WebSite\",\"@id\":\"https:\\\/\\\/lesbecassescouture.fr\\\/#website\",\"url\":\"https:\\\/\\\/lesbecassescouture.fr\\\/\",\"name\":\"Les B\u00e9casses\",\"description\":\"\",\"publisher\":{\"@id\":\"https:\\\/\\\/lesbecassescouture.fr\\\/#organization\"},\"potentialAction\":[{\"@type\":\"SearchAction\",\"target\":{\"@type\":\"EntryPoint\",\"urlTemplate\":\"https:\\\/\\\/lesbecassescouture.fr\\\/?s={search_term_string}\"},\"query-input\":{\"@type\":\"PropertyValueSpecification\",\"valueRequired\":true,\"valueName\":\"search_term_string\"}}],\"inLanguage\":\"fr-FR\"},{\"@type\":\"Organization\",\"@id\":\"https:\\\/\\\/lesbecassescouture.fr\\\/#organization\",\"name\":\"Les B\u00e9casses\",\"url\":\"https:\\\/\\\/lesbecassescouture.fr\\\/\",\"logo\":{\"@type\":\"ImageObject\",\"inLanguage\":\"fr-FR\",\"@id\":\"https:\\\/\\\/lesbecassescouture.fr\\\/#\\\/schema\\\/logo\\\/image\\\/\",\"url\":\"https:\\\/\\\/lesbecassescouture.fr\\\/wp-content\\\/uploads\\\/2025\\\/03\\\/cropped-banniere_etsy2.jpg\",\"contentUrl\":\"https:\\\/\\\/lesbecassescouture.fr\\\/wp-content\\\/uploads\\\/2025\\\/03\\\/cropped-banniere_etsy2.jpg\",\"width\":2286,\"height\":630,\"caption\":\"Les B\u00e9casses\"},\"image\":{\"@id\":\"https:\\\/\\\/lesbecassescouture.fr\\\/#\\\/schema\\\/logo\\\/image\\\/\"},\"sameAs\":[\"https:\\\/\\\/www.facebook.com\\\/lesbecassescouture\",\"https:\\\/\\\/www.instagram.com\\\/lesbecassescouture\\\/\"]}]}<\/script>\n<!-- \/ Yoast SEO plugin. -->","yoast_head_json":{"title":"Accueil - Les B\u00e9casses","robots":{"index":"index","follow":"follow","max-snippet":"max-snippet:-1","max-image-preview":"max-image-preview:large","max-video-preview":"max-video-preview:-1"},"canonical":"https:\/\/lesbecassescouture.fr\/","og_locale":"fr_FR","og_type":"article","og_title":"Accueil - Les B\u00e9casses","og_description":"Des cr\u00e9ations pratiques et styl\u00e9es pour mamans, b\u00e9b\u00e9s et enfants &nbsp; Je cr\u00e9e avec passion des v\u00eatements d\u2019allaitement confortables et modernes, des habits tout doux pour b\u00e9b\u00e9s, ainsi que des accessoires pratiques et mignons pour les enfants et leurs mamans. Chaque pi\u00e8ce est pens\u00e9e pour vous simplifier la vie tout en apportant une touche de [&hellip;]","og_url":"https:\/\/lesbecassescouture.fr\/","og_site_name":"Les B\u00e9casses","article_publisher":"https:\/\/www.facebook.com\/lesbecassescouture","article_modified_time":"2025-05-20T12:19:27+00:00","og_image":[{"url":"http:\/\/lesbecassescouture.fr\/wp-content\/uploads\/2025\/05\/montage-vitrine-site-1024x768.jpg","type":"","width":"","height":""}],"twitter_card":"summary_large_image","twitter_misc":{"Dur\u00e9e de lecture estim\u00e9e":"2 minutes"},"schema":{"@context":"https:\/\/schema.org","@graph":[{"@type":"WebPage","@id":"https:\/\/lesbecassescouture.fr\/","url":"https:\/\/lesbecassescouture.fr\/","name":"Accueil - Les B\u00e9casses","isPartOf":{"@id":"https:\/\/lesbecassescouture.fr\/#website"},"primaryImageOfPage":{"@id":"https:\/\/lesbecassescouture.fr\/#primaryimage"},"image":{"@id":"https:\/\/lesbecassescouture.fr\/#primaryimage"},"thumbnailUrl":"http:\/\/lesbecassescouture.fr\/wp-content\/uploads\/2025\/05\/montage-vitrine-site-1024x768.jpg","datePublished":"2025-03-18T09:29:51+00:00","dateModified":"2025-05-20T12:19:27+00:00","breadcrumb":{"@id":"https:\/\/lesbecassescouture.fr\/#breadcrumb"},"inLanguage":"fr-FR","potentialAction":[{"@type":"ReadAction","target":["https:\/\/lesbecassescouture.fr\/"]}]},{"@type":"ImageObject","inLanguage":"fr-FR","@id":"https:\/\/lesbecassescouture.fr\/#primaryimage","url":"http:\/\/lesbecassescouture.fr\/wp-content\/uploads\/2025\/05\/montage-vitrine-site-1024x768.jpg","contentUrl":"http:\/\/lesbecassescouture.fr\/wp-content\/uploads\/2025\/05\/montage-vitrine-site-1024x768.jpg"},{"@type":"BreadcrumbList","@id":"https:\/\/lesbecassescouture.fr\/#breadcrumb","itemListElement":[{"@type":"ListItem","position":1,"name":"Accueil","item":"https:\/\/lesbecassescouture.fr\/"},{"@type":"ListItem","position":2,"name":"Accueil"}]},{"@type":"WebSite","@id":"https:\/\/lesbecassescouture.fr\/#website","url":"https:\/\/lesbecassescouture.fr\/","name":"Les B\u00e9casses","description":"","publisher":{"@id":"https:\/\/lesbecassescouture.fr\/#organization"},"potentialAction":[{"@type":"SearchAction","target":{"@type":"EntryPoint","urlTemplate":"https:\/\/lesbecassescouture.fr\/?s={search_term_string}"},"query-input":{"@type":"PropertyValueSpecification","valueRequired":true,"valueName":"search_term_string"}}],"inLanguage":"fr-FR"},{"@type":"Organization","@id":"https:\/\/lesbecassescouture.fr\/#organization","name":"Les B\u00e9casses","url":"https:\/\/lesbecassescouture.fr\/","logo":{"@type":"ImageObject","inLanguage":"fr-FR","@id":"https:\/\/lesbecassescouture.fr\/#\/schema\/logo\/image\/","url":"https:\/\/lesbecassescouture.fr\/wp-content\/uploads\/2025\/03\/cropped-banniere_etsy2.jpg","contentUrl":"https:\/\/lesbecassescouture.fr\/wp-content\/uploads\/2025\/03\/cropped-banniere_etsy2.jpg","width":2286,"height":630,"caption":"Les B\u00e9casses"},"image":{"@id":"https:\/\/lesbecassescouture.fr\/#\/schema\/logo\/image\/"},"sameAs":["https:\/\/www.facebook.com\/lesbecassescouture","https:\/\/www.instagram.com\/lesbecassescouture\/"]}]}},"_links":{"self":[{"href":"https:\/\/lesbecassescouture.fr\/index.php\/wp-json\/wp\/v2\/pages\/133","targetHints":{"allow":["GET"]}}],"collection":[{"href":"https:\/\/lesbecassescouture.fr\/index.php\/wp-json\/wp\/v2\/pages"}],"about":[{"href":"https:\/\/lesbecassescouture.fr\/index.php\/wp-json\/wp\/v2\/types\/page"}],"author":[{"embeddable":true,"href":"https:\/\/lesbecassescouture.fr\/index.php\/wp-json\/wp\/v2\/users\/1"}],"replies":[{"embeddable":true,"href":"https:\/\/lesbecassescouture.fr\/index.php\/wp-json\/wp\/v2\/comments?post=133"}],"version-history":[{"count":35,"href":"https:\/\/lesbecassescouture.fr\/index.php\/wp-json\/wp\/v2\/pages\/133\/revisions"}],"predecessor-version":[{"id":336,"href":"https:\/\/lesbecassescouture.fr\/index.php\/wp-json\/wp\/v2\/pages\/133\/revisions\/336"}],"wp:attachment":[{"href":"https:\/\/lesbecassescouture.fr\/index.php\/wp-json\/wp\/v2\/media?parent=133"}],"curies":[{"name":"wp","href":"https:\/\/api.w.org\/{rel}","templated":true}]}}